{"id":1471,"date":"2023-11-29T14:24:22","date_gmt":"2023-11-29T13:24:22","guid":{"rendered":"https:\/\/new.buildevolution.be\/diensten\/postproductie-montage\/"},"modified":"2023-12-19T17:17:46","modified_gmt":"2023-12-19T16:17:46","slug":"postproduction-montage","status":"publish","type":"page","link":"https:\/\/buildevolution.be\/fr\/services\/postproduction-montage\/","title":{"rendered":"Postproduction &#038; montage vid\u00e9o"},"content":{"rendered":"\t\t<div data-elementor-type=\"wp-page\" data-elementor-id=\"1471\" class=\"elementor elementor-1471 elementor-744\" data-elementor-post-type=\"page\">\n\t\t\t\t\t\t\t<div class=\"elementor-element elementor-element-a233f9d e-flex e-con-boxed e-con e-parent\" data-id=\"a233f9d\" data-element_type=\"container\" data-settings=\"{&quot;background_background&quot;:&quot;classic&quot;,&quot;content_width&quot;:&quot;boxed&quot;}\" data-core-v316-plus=\"true\">\n\t\t\t\t\t<div class=\"e-con-inner\">\n\t\t\t\t<div class=\"elementor-element elementor-element-09d566c elementor-widget elementor-widget-heading\" data-id=\"09d566c\" data-element_type=\"widget\" data-widget_type=\"heading.default\">\n\t\t\t\t<div class=\"elementor-widget-container\">\n\t\t\t<style>\/*! elementor - v3.17.0 - 08-11-2023 *\/\n.elementor-heading-title{padding:0;margin:0;line-height:1}.elementor-widget-heading .elementor-heading-title[class*=elementor-size-]>a{color:inherit;font-size:inherit;line-height:inherit}.elementor-widget-heading .elementor-heading-title.elementor-size-small{font-size:15px}.elementor-widget-heading .elementor-heading-title.elementor-size-medium{font-size:19px}.elementor-widget-heading .elementor-heading-title.elementor-size-large{font-size:29px}.elementor-widget-heading .elementor-heading-title.elementor-size-xl{font-size:39px}.elementor-widget-heading .elementor-heading-title.elementor-size-xxl{font-size:59px}<\/style><h1 class=\"elementor-heading-title elementor-size-default\">Postproduction &#038; montage vid\u00e9o<\/h1>\t\t<\/div>\n\t\t\t\t<\/div>\n\t\t\t\t<div class=\"elementor-element elementor-element-a1a1f61 elementor-widget elementor-widget-heading\" data-id=\"a1a1f61\" data-element_type=\"widget\" data-widget_type=\"heading.default\">\n\t\t\t\t<div class=\"elementor-widget-container\">\n\t\t\t<h2 class=\"elementor-heading-title elementor-size-default\">Transformez votre vid\u00e9o timelapse en vid\u00e9o promotionnelle<\/h2>\t\t<\/div>\n\t\t\t\t<\/div>\n\t\t\t\t\t<\/div>\n\t\t\t\t<\/div>\n\t\t<div class=\"elementor-element elementor-element-22e88c9 e-flex e-con-boxed e-con e-parent\" data-id=\"22e88c9\" data-element_type=\"container\" data-settings=\"{&quot;content_width&quot;:&quot;boxed&quot;}\" data-core-v316-plus=\"true\">\n\t\t\t\t\t<div class=\"e-con-inner\">\n\t\t\t\t<div class=\"elementor-element elementor-element-3ba59da elementor-widget__width-initial elementor-widget elementor-widget-text-editor\" data-id=\"3ba59da\" data-element_type=\"widget\" data-widget_type=\"text-editor.default\">\n\t\t\t\t<div class=\"elementor-widget-container\">\n\t\t\t<style>\/*! elementor - v3.17.0 - 08-11-2023 *\/\n.elementor-widget-text-editor.elementor-drop-cap-view-stacked .elementor-drop-cap{background-color:#69727d;color:#fff}.elementor-widget-text-editor.elementor-drop-cap-view-framed .elementor-drop-cap{color:#69727d;border:3px solid;background-color:transparent}.elementor-widget-text-editor:not(.elementor-drop-cap-view-default) .elementor-drop-cap{margin-top:8px}.elementor-widget-text-editor:not(.elementor-drop-cap-view-default) .elementor-drop-cap-letter{width:1em;height:1em}.elementor-widget-text-editor .elementor-drop-cap{float:left;text-align:center;line-height:1;font-size:50px}.elementor-widget-text-editor .elementor-drop-cap-letter{display:inline-block}<\/style>\t\t\t\t<p>Notre \u00e9quipe de montage collecte et assemble les meilleures images prises au cours de la r\u00e9alisation de votre projet pour cr\u00e9er un film promotionnel de grande qualit\u00e9.<\/p><p>Bien plus qu\u2019un simple r\u00e9sum\u00e9 de votre projet, la solution Buildevolution allie \u00e0 merveille l\u2019effet d\u2019ultra acc\u00e9l\u00e9r\u00e9 \u00ab\u00a0<a href=\"https:\/\/buildevolution.be\/fr\/services\/timelapse\/\">timelapse<\/a>\u00a0\u00bb (vid\u00e9o acc\u00e9l\u00e9r\u00e9e image par image), les prises de vue a\u00e9riennes par\u00a0<a href=\"https:\/\/buildevolution.be\/fr\/services\/drone-camera\/\">drone<\/a>\u00a0et les divers plans au sol, le tout mis en musique pour obtenir un outil marketing puissant.<\/p><p>Une maquette vid\u00e9o pourra vous \u00eatre envoy\u00e9 \u00e0 intervalle r\u00e9gulier* durant notre collaboration pour avoir un aper\u00e7u du r\u00e9sultat final et des \u00e9ventuels changements \u00e0 op\u00e9rer.<\/p>\t\t\t\t\t\t<\/div>\n\t\t\t\t<\/div>\n\t\t\t\t<div class=\"elementor-element elementor-element-93bda31 elementor-widget elementor-widget-image\" data-id=\"93bda31\" data-element_type=\"widget\" data-widget_type=\"image.default\">\n\t\t\t\t<div class=\"elementor-widget-container\">\n\t\t\t<style>\/*! elementor - v3.17.0 - 08-11-2023 *\/\n.elementor-widget-image{text-align:center}.elementor-widget-image a{display:inline-block}.elementor-widget-image a img[src$=\".svg\"]{width:48px}.elementor-widget-image img{vertical-align:middle;display:inline-block}<\/style>\t\t\t\t\t\t\t\t\t\t\t\t<img fetchpriority=\"high\" decoding=\"async\" width=\"569\" height=\"467\" src=\"https:\/\/buildevolution.be\/wp-content\/uploads\/2023\/12\/BuildevolutionPostproductie.webp\" class=\"attachment-large size-large wp-image-1256\" alt=\"\" srcset=\"https:\/\/buildevolution.be\/wp-content\/uploads\/2023\/12\/BuildevolutionPostproductie.webp 569w, https:\/\/buildevolution.be\/wp-content\/uploads\/2023\/12\/BuildevolutionPostproductie-300x246.webp 300w\" sizes=\"(max-width: 569px) 100vw, 569px\" \/>\t\t\t\t\t\t\t\t\t\t\t\t\t\t\t<\/div>\n\t\t\t\t<\/div>\n\t\t\t\t\t<\/div>\n\t\t\t\t<\/div>\n\t\t<div class=\"elementor-element elementor-element-7b16c7d e-flex e-con-boxed e-con e-parent\" data-id=\"7b16c7d\" data-element_type=\"container\" data-settings=\"{&quot;content_width&quot;:&quot;boxed&quot;}\" data-core-v316-plus=\"true\">\n\t\t\t\t\t<div class=\"e-con-inner\">\n\t\t\t\t<div class=\"elementor-element elementor-element-0a24715 elementor-widget elementor-widget-video\" data-id=\"0a24715\" data-element_type=\"widget\" data-settings=\"{&quot;youtube_url&quot;:&quot;https:\\\/\\\/www.youtube.com\\\/watch?v=tJHwQgrFbl4&amp;t=77s&quot;,&quot;video_type&quot;:&quot;youtube&quot;,&quot;controls&quot;:&quot;yes&quot;}\" data-widget_type=\"video.default\">\n\t\t\t\t<div class=\"elementor-widget-container\">\n\t\t\t<style>\/*! elementor - v3.17.0 - 08-11-2023 *\/\n.elementor-widget-video .elementor-widget-container{overflow:hidden;transform:translateZ(0)}.elementor-widget-video .elementor-wrapper{aspect-ratio:var(--video-aspect-ratio)}.elementor-widget-video .elementor-wrapper iframe,.elementor-widget-video .elementor-wrapper video{height:100%;width:100%;display:flex;border:none;background-color:#000}@supports not (aspect-ratio:1\/1){.elementor-widget-video .elementor-wrapper{position:relative;overflow:hidden;height:0;padding-bottom:calc(100% \/ var(--video-aspect-ratio))}.elementor-widget-video .elementor-wrapper iframe,.elementor-widget-video .elementor-wrapper video{position:absolute;top:0;right:0;bottom:0;left:0}}.elementor-widget-video .elementor-open-inline .elementor-custom-embed-image-overlay{position:absolute;top:0;right:0;bottom:0;left:0;background-size:cover;background-position:50%}.elementor-widget-video .elementor-custom-embed-image-overlay{cursor:pointer;text-align:center}.elementor-widget-video .elementor-custom-embed-image-overlay:hover .elementor-custom-embed-play i{opacity:1}.elementor-widget-video .elementor-custom-embed-image-overlay img{display:block;width:100%;aspect-ratio:var(--video-aspect-ratio);-o-object-fit:cover;object-fit:cover;-o-object-position:center center;object-position:center center}@supports not (aspect-ratio:1\/1){.elementor-widget-video .elementor-custom-embed-image-overlay{position:relative;overflow:hidden;height:0;padding-bottom:calc(100% \/ var(--video-aspect-ratio))}.elementor-widget-video .elementor-custom-embed-image-overlay img{position:absolute;top:0;right:0;bottom:0;left:0}}.elementor-widget-video .e-hosted-video .elementor-video{-o-object-fit:cover;object-fit:cover}.e-con-inner>.elementor-widget-video,.e-con>.elementor-widget-video{width:var(--container-widget-width);--flex-grow:var(--container-widget-flex-grow)}<\/style>\t\t<div class=\"elementor-wrapper elementor-open-inline\">\n\t\t\t<div class=\"elementor-video\"><\/div>\t\t<\/div>\n\t\t\t\t<\/div>\n\t\t\t\t<\/div>\n\t\t\t\t<div class=\"elementor-element elementor-element-12c7bac elementor-widget__width-initial elementor-widget elementor-widget-text-editor\" data-id=\"12c7bac\" data-element_type=\"widget\" data-widget_type=\"text-editor.default\">\n\t\t\t\t<div class=\"elementor-widget-container\">\n\t\t\t\t\t\t\t<p>En coordination avec nos \u00e9quipes de montage et vos besoins, nous mettons l\u2019accent sur les moments cl\u00e9s de la construction de votre b\u00e2timent et donnons un sens \u00e0 votre projet.<\/p><p>Les cr\u00e9ations Buildevolution sont uniques dans le domaine du suivi de chantier. Compl\u00e8te, originale et efficace, notre offre pourra r\u00e9pondre \u00e0 de nombreuses finalit\u00e9s marketing et sera un atout ind\u00e9niable pour votre marque!<\/p><p>Vous pourrez notamment vous en servir comme levier pour votre visibilit\u00e9 et notori\u00e9t\u00e9 sur le web en diffusant le film sur vos r\u00e9seaux, comme outil de promotion pour votre marque\/soci\u00e9t\u00e9 ou encore comme moyen de communiquer avec vos diff\u00e9rents interlocuteurs. Les vid\u00e9os promotionnelles Buidevolution feront parler de vous et parlerons pour vous.<\/p>\t\t\t\t\t\t<\/div>\n\t\t\t\t<\/div>\n\t\t\t\t\t<\/div>\n\t\t\t\t<\/div>\n\t\t<div class=\"elementor-element elementor-element-bf29d27 e-flex e-con-boxed e-con e-parent\" data-id=\"bf29d27\" data-element_type=\"container\" data-settings=\"{&quot;content_width&quot;:&quot;boxed&quot;}\" data-core-v316-plus=\"true\">\n\t\t\t\t\t<div class=\"e-con-inner\">\n\t\t\t\t\t<\/div>\n\t\t\t\t<\/div>\n\t\t\t\t\t\t\t<\/div>\n\t\t","protected":false},"excerpt":{"rendered":"<p>Transformez votre vid\u00e9o timelapse en vid\u00e9o promotionnelle Notre \u00e9quipe de montage collecte et assemble les meilleures images prises au cours de la r\u00e9alisation de votre projet pour cr\u00e9er un film promotionnel de grande qualit\u00e9. Bien plus qu\u2019un simple r\u00e9sum\u00e9 de votre projet, la solution Buildevolution allie \u00e0 merveille l\u2019effet d\u2019ultra acc\u00e9l\u00e9r\u00e9 \u00ab\u00a0timelapse\u00a0\u00bb (vid\u00e9o acc\u00e9l\u00e9r\u00e9e image [&hellip;]<\/p>\n","protected":false},"author":1,"featured_media":0,"parent":1462,"menu_order":0,"comment_status":"closed","ping_status":"closed","template":"","meta":{"footnotes":""},"class_list":["post-1471","page","type-page","status-publish","hentry"],"_links":{"self":[{"href":"https:\/\/buildevolution.be\/fr\/wp-json\/wp\/v2\/pages\/1471","targetHints":{"allow":["GET"]}}],"collection":[{"href":"https:\/\/buildevolution.be\/fr\/wp-json\/wp\/v2\/pages"}],"about":[{"href":"https:\/\/buildevolution.be\/fr\/wp-json\/wp\/v2\/types\/page"}],"author":[{"embeddable":true,"href":"https:\/\/buildevolution.be\/fr\/wp-json\/wp\/v2\/users\/1"}],"replies":[{"embeddable":true,"href":"https:\/\/buildevolution.be\/fr\/wp-json\/wp\/v2\/comments?post=1471"}],"version-history":[{"count":8,"href":"https:\/\/buildevolution.be\/fr\/wp-json\/wp\/v2\/pages\/1471\/revisions"}],"predecessor-version":[{"id":1882,"href":"https:\/\/buildevolution.be\/fr\/wp-json\/wp\/v2\/pages\/1471\/revisions\/1882"}],"up":[{"embeddable":true,"href":"https:\/\/buildevolution.be\/fr\/wp-json\/wp\/v2\/pages\/1462"}],"wp:attachment":[{"href":"https:\/\/buildevolution.be\/fr\/wp-json\/wp\/v2\/media?parent=1471"}],"curies":[{"name":"wp","href":"https:\/\/api.w.org\/{rel}","templated":true}]}}