{"id":1483,"date":"2023-12-06T11:49:20","date_gmt":"2023-12-06T10:49:20","guid":{"rendered":"https:\/\/new.buildevolution.be\/plateforme\/"},"modified":"2023-12-18T11:19:19","modified_gmt":"2023-12-18T10:19:19","slug":"plateforme","status":"publish","type":"page","link":"https:\/\/buildevolution.be\/fr\/plateforme\/","title":{"rendered":"Plateforme"},"content":{"rendered":"\t\t<div data-elementor-type=\"wp-page\" data-elementor-id=\"1483\" class=\"elementor elementor-1483 elementor-1150\" data-elementor-post-type=\"page\">\n\t\t\t\t\t\t\t<div class=\"elementor-element elementor-element-e8d3a29 e-flex e-con-boxed e-con e-parent\" data-id=\"e8d3a29\" data-element_type=\"container\" data-settings=\"{&quot;background_background&quot;:&quot;classic&quot;,&quot;content_width&quot;:&quot;boxed&quot;}\" data-core-v316-plus=\"true\">\n\t\t\t\t\t<div class=\"e-con-inner\">\n\t\t\t\t<div class=\"elementor-element elementor-element-3d0e1f0 elementor-widget elementor-widget-heading\" data-id=\"3d0e1f0\" data-element_type=\"widget\" data-widget_type=\"heading.default\">\n\t\t\t\t<div class=\"elementor-widget-container\">\n\t\t\t<style>\/*! elementor - v3.17.0 - 08-11-2023 *\/\n.elementor-heading-title{padding:0;margin:0;line-height:1}.elementor-widget-heading .elementor-heading-title[class*=elementor-size-]>a{color:inherit;font-size:inherit;line-height:inherit}.elementor-widget-heading .elementor-heading-title.elementor-size-small{font-size:15px}.elementor-widget-heading .elementor-heading-title.elementor-size-medium{font-size:19px}.elementor-widget-heading .elementor-heading-title.elementor-size-large{font-size:29px}.elementor-widget-heading .elementor-heading-title.elementor-size-xl{font-size:39px}.elementor-widget-heading .elementor-heading-title.elementor-size-xxl{font-size:59px}<\/style><h1 class=\"elementor-heading-title elementor-size-default\">Plateforme<\/h1>\t\t<\/div>\n\t\t\t\t<\/div>\n\t\t\t\t<div class=\"elementor-element elementor-element-ebcab27 elementor-widget elementor-widget-heading\" data-id=\"ebcab27\" data-element_type=\"widget\" data-widget_type=\"heading.default\">\n\t\t\t\t<div class=\"elementor-widget-container\">\n\t\t\t<h2 class=\"elementor-heading-title elementor-size-default\">Acc\u00e9dez \u00e0 votre projet 24h\/24 et depuis n\u2019importe quel support!<\/h2>\t\t<\/div>\n\t\t\t\t<\/div>\n\t\t\t\t\t<\/div>\n\t\t\t\t<\/div>\n\t\t<div class=\"elementor-element elementor-element-9619bee e-flex e-con-boxed e-con e-parent\" data-id=\"9619bee\" data-element_type=\"container\" data-settings=\"{&quot;content_width&quot;:&quot;boxed&quot;}\" data-core-v316-plus=\"true\">\n\t\t\t\t\t<div class=\"e-con-inner\">\n\t\t\t\t<div class=\"elementor-element elementor-element-5b3c1f8 elementor-widget__width-initial elementor-widget elementor-widget-text-editor\" data-id=\"5b3c1f8\" data-element_type=\"widget\" data-widget_type=\"text-editor.default\">\n\t\t\t\t<div class=\"elementor-widget-container\">\n\t\t\t<style>\/*! elementor - v3.17.0 - 08-11-2023 *\/\n.elementor-widget-text-editor.elementor-drop-cap-view-stacked .elementor-drop-cap{background-color:#69727d;color:#fff}.elementor-widget-text-editor.elementor-drop-cap-view-framed .elementor-drop-cap{color:#69727d;border:3px solid;background-color:transparent}.elementor-widget-text-editor:not(.elementor-drop-cap-view-default) .elementor-drop-cap{margin-top:8px}.elementor-widget-text-editor:not(.elementor-drop-cap-view-default) .elementor-drop-cap-letter{width:1em;height:1em}.elementor-widget-text-editor .elementor-drop-cap{float:left;text-align:center;line-height:1;font-size:50px}.elementor-widget-text-editor .elementor-drop-cap-letter{display:inline-block}<\/style>\t\t\t\t<h2 class=\"vc_custom_heading\">SUIVI DE VOTRE PROJET DE CONSTRUCTION EN IMAGE<\/h2><p>La platforme Buildevolution vous permet de suivre l\u2019\u00e9volution de l\u2019ensemble de vos projets de construction 24h\/24 et 7j\/7. Gr\u00e2ce \u00e0 nos cam\u00e9ras haute d\u00e9finition connect\u00e9es en temps r\u00e9\u00e9l, vous pouvez facilement suivre l\u2019avancement de vos projets de construction.<\/p><p>Depuis votre space utilisateur, vous pouvez suivre vos projets et s\u00e9lectionner le projet en cours que vous d\u00e9sirez consulter de plus pr\u00e8s. Id\u00e9al pour les d\u00e9veloppeurs de projets, pour les architectes, pour les bureaux d\u2019\u00e9tude et les gestionnaires de chantier, l\u2019application a \u00e9t\u00e9 d\u00e9velopp\u00e9 pour r\u00e9pondre \u00e0 vos besoins de suivi de chantier.<\/p><p>Vous pouvez aussi ais\u00e9ment ajouter des utilisateurs au projet, que ce soit des sous-traitants, votre client ou votre \u00e9quipe de projet!<\/p><p>D\u00e9couvrez ci-dessous la platforme plus en d\u00e9tail.<\/p>\t\t\t\t\t\t<\/div>\n\t\t\t\t<\/div>\n\t\t\t\t<div class=\"elementor-element elementor-element-82a6fa4 elementor-widget elementor-widget-image\" data-id=\"82a6fa4\" data-element_type=\"widget\" data-widget_type=\"image.default\">\n\t\t\t\t<div class=\"elementor-widget-container\">\n\t\t\t<style>\/*! elementor - v3.17.0 - 08-11-2023 *\/\n.elementor-widget-image{text-align:center}.elementor-widget-image a{display:inline-block}.elementor-widget-image a img[src$=\".svg\"]{width:48px}.elementor-widget-image img{vertical-align:middle;display:inline-block}<\/style>\t\t\t\t\t\t\t\t\t\t\t\t<img fetchpriority=\"high\" decoding=\"async\" width=\"800\" height=\"817\" src=\"https:\/\/buildevolution.be\/wp-content\/uploads\/2023\/12\/mock-up-platform-vue-gnrale_page-acceuil_rev1-1003x1024-1.png\" class=\"attachment-large size-large wp-image-1152\" alt=\"\" srcset=\"https:\/\/buildevolution.be\/wp-content\/uploads\/2023\/12\/mock-up-platform-vue-gnrale_page-acceuil_rev1-1003x1024-1.png 1003w, https:\/\/buildevolution.be\/wp-content\/uploads\/2023\/12\/mock-up-platform-vue-gnrale_page-acceuil_rev1-1003x1024-1-294x300.png 294w, https:\/\/buildevolution.be\/wp-content\/uploads\/2023\/12\/mock-up-platform-vue-gnrale_page-acceuil_rev1-1003x1024-1-768x784.png 768w\" sizes=\"(max-width: 800px) 100vw, 800px\" \/>\t\t\t\t\t\t\t\t\t\t\t\t\t\t\t<\/div>\n\t\t\t\t<\/div>\n\t\t\t\t\t<\/div>\n\t\t\t\t<\/div>\n\t\t<div class=\"elementor-element elementor-element-ba6345c e-flex e-con-boxed e-con e-parent\" data-id=\"ba6345c\" data-element_type=\"container\" data-settings=\"{&quot;content_width&quot;:&quot;boxed&quot;}\" data-core-v316-plus=\"true\">\n\t\t\t\t\t<div class=\"e-con-inner\">\n\t\t\t\t<div class=\"elementor-element elementor-element-cd67cbb elementor-widget elementor-widget-image\" data-id=\"cd67cbb\" data-element_type=\"widget\" data-widget_type=\"image.default\">\n\t\t\t\t<div class=\"elementor-widget-container\">\n\t\t\t\t\t\t\t\t\t\t\t\t\t\t\t<img decoding=\"async\" width=\"800\" height=\"743\" src=\"https:\/\/buildevolution.be\/wp-content\/uploads\/2023\/12\/platform-bookmark_buildevolution-1024x951-1.png\" class=\"attachment-large size-large wp-image-1161\" alt=\"\" srcset=\"https:\/\/buildevolution.be\/wp-content\/uploads\/2023\/12\/platform-bookmark_buildevolution-1024x951-1.png 1024w, https:\/\/buildevolution.be\/wp-content\/uploads\/2023\/12\/platform-bookmark_buildevolution-1024x951-1-300x279.png 300w, https:\/\/buildevolution.be\/wp-content\/uploads\/2023\/12\/platform-bookmark_buildevolution-1024x951-1-768x713.png 768w\" sizes=\"(max-width: 800px) 100vw, 800px\" \/>\t\t\t\t\t\t\t\t\t\t\t\t\t\t\t<\/div>\n\t\t\t\t<\/div>\n\t\t\t\t<div class=\"elementor-element elementor-element-a8378f3 elementor-widget__width-initial elementor-widget elementor-widget-text-editor\" data-id=\"a8378f3\" data-element_type=\"widget\" data-widget_type=\"text-editor.default\">\n\t\t\t\t<div class=\"elementor-widget-container\">\n\t\t\t\t\t\t\t<h2 class=\"vc_custom_heading\">SUIVEZ CHAQUE PROJET INDIVIDUELLEMENT<\/h2><p>La plateforme Buildevolution est organis\u00e9e projet par projet et permet de les visualisez en temps r\u00e9\u00e9l. Zoomez sur chaque photo et suivez leur evolution \u00e0 distance.<\/p><p>Vous pouvez aussi envoyer les photos par mail ou les partager sur les r\u00e9seaux sociaux tel que Facebook, Twitter ou Linked In.<\/p><p>Cr\u00e9ez des bookmarks de vos photos pr\u00e9f\u00e9r\u00e9es et t\u00e9l\u00e9charger les photos que vous souhaitez utiliser dans une presentation ou pour effectuer une retouche.<\/p><p>Solution id\u00e9ale pour architectes, d\u00e9veloppeurs de projet, gestionnaires de projet ou responsables de chantier.<\/p>\t\t\t\t\t\t<\/div>\n\t\t\t\t<\/div>\n\t\t\t\t\t<\/div>\n\t\t\t\t<\/div>\n\t\t<div class=\"elementor-element elementor-element-35cb872 e-flex e-con-boxed e-con e-parent\" data-id=\"35cb872\" data-element_type=\"container\" data-settings=\"{&quot;content_width&quot;:&quot;boxed&quot;}\" data-core-v316-plus=\"true\">\n\t\t\t\t\t<div class=\"e-con-inner\">\n\t\t\t\t<div class=\"elementor-element elementor-element-6b292dd elementor-widget__width-initial elementor-widget elementor-widget-text-editor\" data-id=\"6b292dd\" data-element_type=\"widget\" data-widget_type=\"text-editor.default\">\n\t\t\t\t<div class=\"elementor-widget-container\">\n\t\t\t\t\t\t\t<h2 class=\"vc_custom_heading\">VOTRE CARNET DE CHANTIER EN IMAGES 24H\/24<\/h2><p>Pour chaque projet, cr\u00e9ez des bookmarks permettant d\u2019utiliser les photos au jour le jour, comme un carnet de chantier.<\/p><p>Ajoutez la m\u00e9t\u00e9o du jour, ajoutez un (ou des) commentaire(s) \u00e0 la photo s\u00e9lectionn\u00e9e. S\u00e9lectionnez \u00e9galement la visibilit\u00e9 du bookmark et obtenez une vue d\u2019ensemble des bookmarks d\u00e9j\u00e0 s\u00e9lectionn\u00e9s, ainsi que ceux mis en avant par vos coll\u00e8gues de chantier.<\/p>\t\t\t\t\t\t<\/div>\n\t\t\t\t<\/div>\n\t\t\t\t<div class=\"elementor-element elementor-element-6f6e446 elementor-widget elementor-widget-image\" data-id=\"6f6e446\" data-element_type=\"widget\" data-widget_type=\"image.default\">\n\t\t\t\t<div class=\"elementor-widget-container\">\n\t\t\t\t\t\t\t\t\t\t\t\t\t\t\t<img decoding=\"async\" width=\"800\" height=\"738\" src=\"https:\/\/buildevolution.be\/wp-content\/uploads\/2023\/12\/view-on-project_buildevolution-1024x944-1.png\" class=\"attachment-large size-large wp-image-1165\" alt=\"\" srcset=\"https:\/\/buildevolution.be\/wp-content\/uploads\/2023\/12\/view-on-project_buildevolution-1024x944-1.png 1024w, https:\/\/buildevolution.be\/wp-content\/uploads\/2023\/12\/view-on-project_buildevolution-1024x944-1-300x277.png 300w, https:\/\/buildevolution.be\/wp-content\/uploads\/2023\/12\/view-on-project_buildevolution-1024x944-1-768x708.png 768w\" sizes=\"(max-width: 800px) 100vw, 800px\" \/>\t\t\t\t\t\t\t\t\t\t\t\t\t\t\t<\/div>\n\t\t\t\t<\/div>\n\t\t\t\t\t<\/div>\n\t\t\t\t<\/div>\n\t\t<div class=\"elementor-element elementor-element-b5cca11 e-flex e-con-boxed e-con e-parent\" data-id=\"b5cca11\" data-element_type=\"container\" data-settings=\"{&quot;background_background&quot;:&quot;classic&quot;,&quot;content_width&quot;:&quot;boxed&quot;}\" data-core-v316-plus=\"true\">\n\t\t\t\t\t<div class=\"e-con-inner\">\n\t\t\t\t<div class=\"elementor-element elementor-element-3c221bf elementor-widget__width-inherit elementor-widget elementor-widget-heading\" data-id=\"3c221bf\" data-element_type=\"widget\" data-widget_type=\"heading.default\">\n\t\t\t\t<div class=\"elementor-widget-container\">\n\t\t\t<h2 class=\"elementor-heading-title elementor-size-default\">Acc\u00e9der \u00e0 la plateforme depuis n'importe quel support<\/h2>\t\t<\/div>\n\t\t\t\t<\/div>\n\t\t\t\t<div class=\"elementor-element elementor-element-48d5fe1 elementor-widget elementor-widget-image\" data-id=\"48d5fe1\" data-element_type=\"widget\" data-widget_type=\"image.default\">\n\t\t\t\t<div class=\"elementor-widget-container\">\n\t\t\t\t\t\t\t\t\t\t\t\t\t\t\t<img loading=\"lazy\" decoding=\"async\" width=\"800\" height=\"262\" src=\"https:\/\/buildevolution.be\/wp-content\/uploads\/2023\/12\/connect-now_buildevolution_platform-1024x335-1.png\" class=\"attachment-large size-large wp-image-1157\" alt=\"\" srcset=\"https:\/\/buildevolution.be\/wp-content\/uploads\/2023\/12\/connect-now_buildevolution_platform-1024x335-1.png 1024w, https:\/\/buildevolution.be\/wp-content\/uploads\/2023\/12\/connect-now_buildevolution_platform-1024x335-1-300x98.png 300w, https:\/\/buildevolution.be\/wp-content\/uploads\/2023\/12\/connect-now_buildevolution_platform-1024x335-1-768x251.png 768w\" sizes=\"(max-width: 800px) 100vw, 800px\" \/>\t\t\t\t\t\t\t\t\t\t\t\t\t\t\t<\/div>\n\t\t\t\t<\/div>\n\t\t\t\t<div class=\"elementor-element elementor-element-6f6215c elementor-align-center elementor-widget elementor-widget-button\" data-id=\"6f6215c\" data-element_type=\"widget\" data-widget_type=\"button.default\">\n\t\t\t\t<div class=\"elementor-widget-container\">\n\t\t\t\t\t<div class=\"elementor-button-wrapper\">\n\t\t\t<a class=\"elementor-button elementor-button-link elementor-size-sm elementor-animation-float\" href=\"https:\/\/app.buildevolution.be\/\" target=\"_blank\">\n\t\t\t\t\t\t<span class=\"elementor-button-content-wrapper\">\n\t\t\t\t\t\t<span class=\"elementor-button-text\">Acc\u00e8s \u00e0 la plateform<\/span>\n\t\t<\/span>\n\t\t\t\t\t<\/a>\n\t\t<\/div>\n\t\t\t\t<\/div>\n\t\t\t\t<\/div>\n\t\t\t\t\t<\/div>\n\t\t\t\t<\/div>\n\t\t\t\t\t\t\t<\/div>\n\t\t","protected":false},"excerpt":{"rendered":"<p>Acc\u00e9dez \u00e0 votre projet 24h\/24 et depuis n\u2019importe quel support! SUIVI DE VOTRE PROJET DE CONSTRUCTION EN IMAGE La platforme Buildevolution vous permet de suivre l\u2019\u00e9volution de l\u2019ensemble de vos projets de construction 24h\/24 et 7j\/7. Gr\u00e2ce \u00e0 nos cam\u00e9ras haute d\u00e9finition connect\u00e9es en temps r\u00e9\u00e9l, vous pouvez facilement suivre l\u2019avancement de vos projets de [&hellip;]<\/p>\n","protected":false},"author":1,"featured_media":0,"parent":0,"menu_order":0,"comment_status":"closed","ping_status":"closed","template":"","meta":{"footnotes":""},"class_list":["post-1483","page","type-page","status-publish","hentry"],"_links":{"self":[{"href":"https:\/\/buildevolution.be\/fr\/wp-json\/wp\/v2\/pages\/1483","targetHints":{"allow":["GET"]}}],"collection":[{"href":"https:\/\/buildevolution.be\/fr\/wp-json\/wp\/v2\/pages"}],"about":[{"href":"https:\/\/buildevolution.be\/fr\/wp-json\/wp\/v2\/types\/page"}],"author":[{"embeddable":true,"href":"https:\/\/buildevolution.be\/fr\/wp-json\/wp\/v2\/users\/1"}],"replies":[{"embeddable":true,"href":"https:\/\/buildevolution.be\/fr\/wp-json\/wp\/v2\/comments?post=1483"}],"version-history":[{"count":3,"href":"https:\/\/buildevolution.be\/fr\/wp-json\/wp\/v2\/pages\/1483\/revisions"}],"predecessor-version":[{"id":1783,"href":"https:\/\/buildevolution.be\/fr\/wp-json\/wp\/v2\/pages\/1483\/revisions\/1783"}],"wp:attachment":[{"href":"https:\/\/buildevolution.be\/fr\/wp-json\/wp\/v2\/media?parent=1483"}],"curies":[{"name":"wp","href":"https:\/\/api.w.org\/{rel}","templated":true}]}}